{"id":281,"date":"2020-09-10T11:28:04","date_gmt":"2020-09-10T11:28:04","guid":{"rendered":"https:\/\/demosites.io\/shop-gb\/?page_id=281"},"modified":"2022-11-11T14:31:01","modified_gmt":"2022-11-11T13:31:01","slug":"52e3e-about","status":"publish","type":"page","link":"http:\/\/www.twinzup.com\/en\/52e3e-about\/","title":{"rendered":"Contact us"},"content":{"rendered":"<div data-elementor-type=\"wp-page\" data-elementor-id=\"281\" class=\"elementor elementor-281\">\n\t\t\t\t\t\t\t\t\t<section class=\"elementor-section elementor-top-section elementor-element elementor-element-6ac82f64 elementor-section-height-min-height elementor-section-boxed elementor-section-height-default elementor-section-items-middle\" data-id=\"6ac82f64\" data-element_type=\"section\" data-settings=\"{&quot;background_background&quot;:&quot;classic&quot;}\">\n\t\t\t\t\t\t\t<div class=\"elementor-background-overlay\"><\/div>\n\t\t\t\t\t\t\t<div class=\"elementor-container elementor-column-gap-default\">\n\t\t\t\t\t<div class=\"elementor-column elementor-col-100 elementor-top-column elementor-element elementor-element-3d47123a\" data-id=\"3d47123a\" data-element_type=\"column\">\n\t\t\t<div class=\"elementor-widget-wrap elementor-element-populated\">\n\t\t\t\t\t\t\t\t<div class=\"elementor-element elementor-element-5eed7117 envato-kit-98-line-before elementor-widget elementor-widget-heading\" data-id=\"5eed7117\" data-element_type=\"widget\" data-widget_type=\"heading.default\">\n\t\t\t\t<div class=\"elementor-widget-container\">\n\t\t\t<style>\/*! elementor - v3.8.1 - 13-11-2022 *\/\n.elementor-heading-title{padding:0;margin:0;line-height:1}.elementor-widget-heading .elementor-heading-title[class*=elementor-size-]>a{color:inherit;font-size:inherit;line-height:inherit}.elementor-widget-heading .elementor-heading-title.elementor-size-small{font-size:15px}.elementor-widget-heading .elementor-heading-title.elementor-size-medium{font-size:19px}.elementor-widget-heading .elementor-heading-title.elementor-size-large{font-size:29px}.elementor-widget-heading .elementor-heading-title.elementor-size-xl{font-size:39px}.elementor-widget-heading .elementor-heading-title.elementor-size-xxl{font-size:59px}<\/style><h1 class=\"elementor-heading-title elementor-size-default\">contact us<\/h1>\t\t<\/div>\n\t\t\t\t<\/div>\n\t\t\t\t<div class=\"elementor-element elementor-element-2483ac5b elementor-widget elementor-widget-heading\" data-id=\"2483ac5b\" data-element_type=\"widget\" data-widget_type=\"heading.default\">\n\t\t\t\t<div class=\"elementor-widget-container\">\n\t\t\t<h1 class=\"elementor-heading-title elementor-size-default\"><a href=\"mailto:support@twinzup.com\u200b\">The satisfaction of our customers is our first priority. <br><br>Our team is at your disposal for any question, suggestion or possible problem encountered during your order or when using your product. <br><br>Do not hesitate to write to us at the following email address: support@twinzup.com<\/a><\/h1>\t\t<\/div>\n\t\t\t\t<\/div>\n\t\t\t\t\t<\/div>\n\t\t<\/div>\n\t\t\t\t\t\t\t<\/div>\n\t\t<\/section>\n\t\t\t\t\t\t\t<\/div>","protected":false},"excerpt":{"rendered":"<p>ContactEZ nous La satisfaction de nos clients est notre premi\u00e8re priorit\u00e9. Notre \u00e9quipe est \u00e0 votre \u00e9coute pour toute question, suggestion ou \u00e9ventuel probl\u00e8me rencontr\u00e9 lors de votre commande ou \u00e0 l&rsquo;utilisation de votre produit. N&rsquo;h\u00e9sitez pas \u00e0 nous \u00e9crire \u00e0 l&rsquo;adresse email suivante : support@twinzup.com<\/p>","protected":false},"author":1,"featured_media":0,"parent":0,"menu_order":0,"comment_status":"closed","ping_status":"closed","template":"","meta":[],"yoast_head":"<!-- This site is optimized with the Yoast SEO plugin v19.10 - https:\/\/yoast.com\/wordpress\/plugins\/seo\/ -->\n<title>Nous contacter - Twinz&#039;Up<\/title>\n<meta name=\"description\" content=\"Une question sur notre produit ? Un souci avec votre commande ? Pour nous joindre, rien de plus simple, \u00e9crivez nous sur support@twinzup.com.\" \/>\n<meta name=\"robots\" content=\"index, follow, max-snippet:-1, max-image-preview:large, max-video-preview:-1\" \/>\n<link rel=\"canonical\" href=\"http:\/\/www.twinzup.com\/en\/52e3e-about\/\" \/>\n<meta property=\"og:locale\" content=\"en_US\" \/>\n<meta property=\"og:type\" content=\"article\" \/>\n<meta property=\"og:title\" content=\"Nous contacter - Twinz&#039;Up\" \/>\n<meta property=\"og:description\" content=\"Une question sur notre produit ? Un souci avec votre commande ? Pour nous joindre, rien de plus simple, \u00e9crivez nous sur support@twinzup.com.\" \/>\n<meta property=\"og:url\" content=\"http:\/\/www.twinzup.com\/en\/52e3e-about\/\" \/>\n<meta property=\"og:site_name\" content=\"Twinz&#039;Up\" \/>\n<meta property=\"article:modified_time\" content=\"2022-11-11T13:31:01+00:00\" \/>\n<meta name=\"twitter:card\" content=\"summary_large_image\" \/>\n<meta name=\"twitter:label1\" content=\"Est. reading time\" \/>\n\t<meta name=\"twitter:data1\" content=\"1 minute\" \/>\n<script type=\"application\/ld+json\" class=\"yoast-schema-graph\">{\"@context\":\"https:\/\/schema.org\",\"@graph\":[{\"@type\":\"WebPage\",\"@id\":\"https:\/\/www.twinzup.com\/52e3e-about\/\",\"url\":\"https:\/\/www.twinzup.com\/52e3e-about\/\",\"name\":\"Nous contacter - Twinz&#039;Up\",\"isPartOf\":{\"@id\":\"https:\/\/www.twinzup.com\/#website\"},\"datePublished\":\"2020-09-10T11:28:04+00:00\",\"dateModified\":\"2022-11-11T13:31:01+00:00\",\"description\":\"Une question sur notre produit ? Un souci avec votre commande ? Pour nous joindre, rien de plus simple, \u00e9crivez nous sur support@twinzup.com.\",\"breadcrumb\":{\"@id\":\"https:\/\/www.twinzup.com\/52e3e-about\/#breadcrumb\"},\"inLanguage\":\"en-US\",\"potentialAction\":[{\"@type\":\"ReadAction\",\"target\":[\"https:\/\/www.twinzup.com\/52e3e-about\/\"]}]},{\"@type\":\"BreadcrumbList\",\"@id\":\"https:\/\/www.twinzup.com\/52e3e-about\/#breadcrumb\",\"itemListElement\":[{\"@type\":\"ListItem\",\"position\":1,\"name\":\"Accueil\",\"item\":\"https:\/\/www.twinzup.com\/\"},{\"@type\":\"ListItem\",\"position\":2,\"name\":\"Nous contacter\"}]},{\"@type\":\"WebSite\",\"@id\":\"https:\/\/www.twinzup.com\/#website\",\"url\":\"https:\/\/www.twinzup.com\/\",\"name\":\"Twinz&#039;Up\",\"description\":\"Share good times !\",\"potentialAction\":[{\"@type\":\"SearchAction\",\"target\":{\"@type\":\"EntryPoint\",\"urlTemplate\":\"https:\/\/www.twinzup.com\/?s={search_term_string}\"},\"query-input\":\"required name=search_term_string\"}],\"inLanguage\":\"en-US\"}]}<\/script>\n<!-- \/ Yoast SEO plugin. -->","yoast_head_json":{"title":"Nous contacter - Twinz&#039;Up","description":"Une question sur notre produit ? Un souci avec votre commande ? Pour nous joindre, rien de plus simple, \u00e9crivez nous sur support@twinzup.com.","robots":{"index":"index","follow":"follow","max-snippet":"max-snippet:-1","max-image-preview":"max-image-preview:large","max-video-preview":"max-video-preview:-1"},"canonical":"http:\/\/www.twinzup.com\/en\/52e3e-about\/","og_locale":"en_US","og_type":"article","og_title":"Nous contacter - Twinz&#039;Up","og_description":"Une question sur notre produit ? Un souci avec votre commande ? Pour nous joindre, rien de plus simple, \u00e9crivez nous sur support@twinzup.com.","og_url":"http:\/\/www.twinzup.com\/en\/52e3e-about\/","og_site_name":"Twinz&#039;Up","article_modified_time":"2022-11-11T13:31:01+00:00","twitter_card":"summary_large_image","twitter_misc":{"Est. reading time":"1 minute"},"schema":{"@context":"https:\/\/schema.org","@graph":[{"@type":"WebPage","@id":"https:\/\/www.twinzup.com\/52e3e-about\/","url":"https:\/\/www.twinzup.com\/52e3e-about\/","name":"Nous contacter - Twinz&#039;Up","isPartOf":{"@id":"https:\/\/www.twinzup.com\/#website"},"datePublished":"2020-09-10T11:28:04+00:00","dateModified":"2022-11-11T13:31:01+00:00","description":"Une question sur notre produit ? Un souci avec votre commande ? Pour nous joindre, rien de plus simple, \u00e9crivez nous sur support@twinzup.com.","breadcrumb":{"@id":"https:\/\/www.twinzup.com\/52e3e-about\/#breadcrumb"},"inLanguage":"en-US","potentialAction":[{"@type":"ReadAction","target":["https:\/\/www.twinzup.com\/52e3e-about\/"]}]},{"@type":"BreadcrumbList","@id":"https:\/\/www.twinzup.com\/52e3e-about\/#breadcrumb","itemListElement":[{"@type":"ListItem","position":1,"name":"Accueil","item":"https:\/\/www.twinzup.com\/"},{"@type":"ListItem","position":2,"name":"Nous contacter"}]},{"@type":"WebSite","@id":"https:\/\/www.twinzup.com\/#website","url":"https:\/\/www.twinzup.com\/","name":"Twinz&#039;Up","description":"Share good times !","potentialAction":[{"@type":"SearchAction","target":{"@type":"EntryPoint","urlTemplate":"https:\/\/www.twinzup.com\/?s={search_term_string}"},"query-input":"required name=search_term_string"}],"inLanguage":"en-US"}]}},"_links":{"self":[{"href":"http:\/\/www.twinzup.com\/en\/wp-json\/wp\/v2\/pages\/281"}],"collection":[{"href":"http:\/\/www.twinzup.com\/en\/wp-json\/wp\/v2\/pages"}],"about":[{"href":"http:\/\/www.twinzup.com\/en\/wp-json\/wp\/v2\/types\/page"}],"author":[{"embeddable":true,"href":"http:\/\/www.twinzup.com\/en\/wp-json\/wp\/v2\/users\/1"}],"replies":[{"embeddable":true,"href":"http:\/\/www.twinzup.com\/en\/wp-json\/wp\/v2\/comments?post=281"}],"version-history":[{"count":14,"href":"http:\/\/www.twinzup.com\/en\/wp-json\/wp\/v2\/pages\/281\/revisions"}],"predecessor-version":[{"id":13268,"href":"http:\/\/www.twinzup.com\/en\/wp-json\/wp\/v2\/pages\/281\/revisions\/13268"}],"wp:attachment":[{"href":"http:\/\/www.twinzup.com\/en\/wp-json\/wp\/v2\/media?parent=281"}],"curies":[{"name":"wp","href":"https:\/\/api.w.org\/{rel}","templated":true}]}}